{"id":9,"date":"2015-02-10T19:21:19","date_gmt":"2015-02-10T19:21:19","guid":{"rendered":"https:\/\/avada.theme-fusion.com_demos\/architecture\/?page_id=9"},"modified":"2023-01-10T15:52:35","modified_gmt":"2023-01-10T15:52:35","slug":"azienda","status":"publish","type":"page","link":"https:\/\/tessituracorti.it\/de\/azienda\/","title":{"rendered":"Unternehmen"},"content":{"rendered":"<p><div class=\"fusion-fullwidth fullwidth-box fusion-builder-row-6 fusion-flex-container nonhundred-percent-fullwidth non-hundred-percent-height-scrolling\" style=\"--awb-background-position:left top;--awb-border-sizes-top:0px;--awb-border-sizes-bottom:0px;--awb-border-sizes-left:0px;--awb-border-sizes-right:0px;--awb-border-radius-top-left:0px;--awb-border-radius-top-right:0px;--awb-border-radius-bottom-right:0px;--awb-border-radius-bottom-left:0px;--awb-padding-top:150px;--awb-flex-wrap:wrap;\" ><div class=\"fusion-builder-row fusion-row fusion-flex-align-items-flex-start fusion-flex-content-wrap\" style=\"max-width:1216.8px;margin-left: calc(-4% \/ 2 );margin-right: calc(-4% \/ 2 );\"><div class=\"fusion-layout-column fusion_builder_column fusion-builder-column-7 fusion_builder_column_1_2 1_2 fusion-flex-column\" style=\"--awb-bg-size:cover;--awb-width-large:50%;--awb-margin-top-large:0px;--awb-spacing-right-large:3.84%;--awb-margin-bottom-large:20px;--awb-spacing-left-large:3.84%;--awb-width-medium:100%;--awb-spacing-right-medium:1.92%;--awb-spacing-left-medium:1.92%;--awb-width-small:100%;--awb-spacing-right-small:1.92%;--awb-spacing-left-small:1.92%;\"><div class=\"fusion-column-wrapper fusion-flex-justify-content-flex-start fusion-content-layout-column\"><div class=\"fusion-title title fusion-title-3 fusion-sep-none fusion-title-text fusion-title-size-two\" style=\"--awb-margin-bottom:50px;--awb-margin-top-small:0px;--awb-margin-right-small:0px;--awb-margin-bottom-small:20px;--awb-margin-left-small:0px;\"><h2 class=\"fusion-title-heading title-heading-left fusion-responsive-typography-calculated\" style=\"margin:0;--fontSize:48;line-height:1.25;\">UNTERNEHMEN<\/h2><\/div><div class=\"fusion-separator\" style=\"align-self: flex-start;margin-right:auto;margin-top:0px;margin-bottom:40px;width:100%;max-width:170px;\"><div class=\"fusion-separator-border sep-single sep-solid\" style=\"--awb-height:20px;--awb-amount:20px;--awb-sep-color:#e2e3e8;border-color:#e2e3e8;border-top-width:3px;\"><\/div><\/div><div class=\"fusion-text fusion-text-9\" style=\"--awb-font-size:22px;--awb-line-height:42px;--awb-text-font-family:&quot;Raleway&quot;;--awb-text-font-style:italic;--awb-text-font-weight:500;\"><p>Ein fester roter, und nicht nur idealer, Faden, der die Familie Corti an diese Gegend, in welcher sie wohnt und seit Generationen arbeitet, bindet&#8230;<\/p>\n<\/div><div class=\"fusion-separator\" style=\"align-self: flex-start;margin-right:auto;margin-top:0px;margin-bottom:30px;width:100%;max-width:170px;\"><\/div><div class=\"fusion-text fusion-text-10\"><p>&#8230;Eine Geschichte von ausgew\u00e4hlten Seidenf\u00e4den, die mit Passion, Geschmack, F\u00e4higkeit und einem besonderen Augenmerk auf die Qualit\u00e4t gewebt wurden, erz\u00e4hlen auf der ganzen Welt von technischem K\u00f6nnen und kreativer Gesamtheit, etwas, das man nicht improvisieren kann.<\/p>\n<p><strong>Die Seidenweberei Corti Giuseppe Ugo Srl<\/strong> ist auf Artikel aus dem Krawattenbereich spezialisiert: Schon immer wird nur mit reiner Seide gearbeitet, um Stoffe f\u00fcr Krawatten und Krawatten selbst herzustellen. Vor kurzem wurde die Produktion von Tuchwaren eingef\u00fchrt.<\/p>\n<\/div><div class=\"fusion-image-element \" style=\"--awb-caption-title-font-family:var(--h2_typography-font-family);--awb-caption-title-font-weight:var(--h2_typography-font-weight);--awb-caption-title-font-style:var(--h2_typography-font-style);--awb-caption-title-size:var(--h2_typography-font-size);--awb-caption-title-transform:var(--h2_typography-text-transform);--awb-caption-title-line-height:var(--h2_typography-line-height);--awb-caption-title-letter-spacing:var(--h2_typography-letter-spacing);\"><span class=\" fusion-imageframe imageframe-none imageframe-5 hover-type-zoomin\"><img decoding=\"async\" width=\"1950\" height=\"1200\" title=\"Tessitura-Corti-Como\" src=\"https:\/\/tessituracorti.it\/wp-content\/uploads\/2021\/06\/Tessitura-Corti-Como.jpg\" data-orig-src=\"http:\/\/tessituracorti.it\/wp-content\/uploads\/2021\/06\/Tessitura-Corti-Como.jpg\" alt class=\"lazyload img-responsive wp-image-862\" srcset=\"data:image\/svg+xml,%3Csvg%20xmlns%3D%27http%3A%2F%2Fwww.w3.org%2F2000%2Fsvg%27%20width%3D%271950%27%20height%3D%271200%27%20viewBox%3D%270%200%201950%201200%27%3E%3Crect%20width%3D%271950%27%20height%3D%271200%27%20fill-opacity%3D%220%22%2F%3E%3C%2Fsvg%3E\" data-srcset=\"https:\/\/tessituracorti.it\/wp-content\/uploads\/2021\/06\/Tessitura-Corti-Como-200x123.jpg 200w, https:\/\/tessituracorti.it\/wp-content\/uploads\/2021\/06\/Tessitura-Corti-Como-400x246.jpg 400w, https:\/\/tessituracorti.it\/wp-content\/uploads\/2021\/06\/Tessitura-Corti-Como-600x369.jpg 600w, https:\/\/tessituracorti.it\/wp-content\/uploads\/2021\/06\/Tessitura-Corti-Como-800x492.jpg 800w, https:\/\/tessituracorti.it\/wp-content\/uploads\/2021\/06\/Tessitura-Corti-Como-1200x738.jpg 1200w, https:\/\/tessituracorti.it\/wp-content\/uploads\/2021\/06\/Tessitura-Corti-Como.jpg 1950w\" data-sizes=\"auto\" data-orig-sizes=\"(max-width: 800px) 100vw, (max-width: 640px) 100vw, 600px\" \/><\/span><\/div><\/div><\/div><div class=\"fusion-layout-column fusion_builder_column fusion-builder-column-8 fusion_builder_column_1_2 1_2 fusion-flex-column\" style=\"--awb-bg-size:cover;--awb-width-large:50%;--awb-margin-top-large:0px;--awb-spacing-right-large:3.84%;--awb-margin-bottom-large:20px;--awb-spacing-left-large:3.84%;--awb-width-medium:100%;--awb-spacing-right-medium:1.92%;--awb-spacing-left-medium:1.92%;--awb-width-small:100%;--awb-spacing-right-small:1.92%;--awb-spacing-left-small:1.92%;\"><div class=\"fusion-column-wrapper fusion-flex-justify-content-flex-start fusion-content-layout-column\"><div class=\"fusion-image-element \" style=\"--awb-caption-title-font-family:var(--h2_typography-font-family);--awb-caption-title-font-weight:var(--h2_typography-font-weight);--awb-caption-title-font-style:var(--h2_typography-font-style);--awb-caption-title-size:var(--h2_typography-font-size);--awb-caption-title-transform:var(--h2_typography-text-transform);--awb-caption-title-line-height:var(--h2_typography-line-height);--awb-caption-title-letter-spacing:var(--h2_typography-letter-spacing);\"><span class=\" fusion-imageframe imageframe-none imageframe-6 hover-type-zoomin fusion-animated\" data-animationType=\"fadeInDown\" data-animationDuration=\"1\" data-animationOffset=\"top-into-view\"><img decoding=\"async\" width=\"800\" height=\"599\" title=\"Tessitura-Corti-esterni\" src=\"https:\/\/tessituracorti.it\/wp-content\/uploads\/2021\/06\/Tessitura-Corti-esterni.jpg\" data-orig-src=\"http:\/\/tessituracorti.it\/wp-content\/uploads\/2021\/06\/Tessitura-Corti-esterni.jpg\" alt class=\"lazyload img-responsive wp-image-858\" srcset=\"data:image\/svg+xml,%3Csvg%20xmlns%3D%27http%3A%2F%2Fwww.w3.org%2F2000%2Fsvg%27%20width%3D%27800%27%20height%3D%27599%27%20viewBox%3D%270%200%20800%20599%27%3E%3Crect%20width%3D%27800%27%20height%3D%27599%27%20fill-opacity%3D%220%22%2F%3E%3C%2Fsvg%3E\" data-srcset=\"https:\/\/tessituracorti.it\/wp-content\/uploads\/2021\/06\/Tessitura-Corti-esterni-200x150.jpg 200w, https:\/\/tessituracorti.it\/wp-content\/uploads\/2021\/06\/Tessitura-Corti-esterni-400x300.jpg 400w, https:\/\/tessituracorti.it\/wp-content\/uploads\/2021\/06\/Tessitura-Corti-esterni-600x449.jpg 600w, https:\/\/tessituracorti.it\/wp-content\/uploads\/2021\/06\/Tessitura-Corti-esterni.jpg 800w\" data-sizes=\"auto\" data-orig-sizes=\"(max-width: 800px) 100vw, (max-width: 640px) 100vw, 600px\" \/><\/span><\/div><div class=\"fusion-separator fusion-full-width-sep\" style=\"align-self: center;margin-left: auto;margin-right: auto;margin-top:40px;width:100%;\"><\/div><div class=\"fusion-text fusion-text-11\"><p>Man schrieb das Jahr 1934 als der erste Webstuhl in der Weberei Corti in Betrieb genommen wurde; leider wissen wir nicht, ob durch den Gr\u00fcnder, Giuseppe Ugo Corti, der dem Betrieb auch seinen Namen gab, oder durch einen Arbeiter, der anonym blieb: Seither wurde die Produktion nie unterbrochen, und die Jahrzehnte wurden in Begleitung der selben Errungenschaften und Schwierigkeiten, die Jahreszeit um Jahreszeit auch die Nation beherrschten, durchlaufen.<\/p>\n<p>Luxuri\u00f6se Seidenkrawatten bis zum Krieg f\u00fcr die wenigen, die sie sich leisten konnten; dann ein langsamer Wiederaufstieg und w\u00e4hrend der wunderbaren sechziger Jahre wurde es endlich f\u00fcr alle der Traum einer neuen, verbreiteten und dem erreichten Wohlstand angemessenen Eleganz. Eine sch\u00f6ne Seidenkrawatte, die am Sonntag, oder auch jeden Tag getragen wird, ist das Zeichen eines Italiens, das w\u00e4chst und ohne schmerzliche Erinnerungen die Vergangenheit und die Schwierigkeiten hinter sich l\u00e4sst.<\/p>\n<\/div><\/div><\/div><\/div><\/div><div class=\"fusion-fullwidth fullwidth-box fusion-builder-row-7 fusion-flex-container nonhundred-percent-fullwidth non-hundred-percent-height-scrolling\" style=\"--awb-border-radius-top-left:0px;--awb-border-radius-top-right:0px;--awb-border-radius-bottom-right:0px;--awb-border-radius-bottom-left:0px;--awb-margin-top:-40px;--awb-flex-wrap:wrap;\" ><div class=\"fusion-builder-row fusion-row fusion-flex-align-items-flex-start fusion-flex-content-wrap\" style=\"max-width:1216.8px;margin-left: calc(-4% \/ 2 );margin-right: calc(-4% \/ 2 );\"><div class=\"fusion-layout-column fusion_builder_column fusion-builder-column-9 fusion_builder_column_1_1 1_1 fusion-flex-column\" style=\"--awb-bg-size:cover;--awb-width-large:100%;--awb-margin-top-large:0px;--awb-spacing-right-large:1.92%;--awb-margin-bottom-large:20px;--awb-spacing-left-large:1.92%;--awb-width-medium:100%;--awb-order-medium:0;--awb-spacing-right-medium:1.92%;--awb-spacing-left-medium:1.92%;--awb-width-small:100%;--awb-order-small:0;--awb-spacing-right-small:1.92%;--awb-spacing-left-small:1.92%;\"><div class=\"fusion-column-wrapper fusion-column-has-shadow fusion-flex-justify-content-flex-start fusion-content-layout-column\"><div class=\"fusion-separator fusion-full-width-sep\" style=\"align-self: center;margin-left: auto;margin-right: auto;margin-top:30px;width:100%;\"><\/div><div class=\"fusion-text fusion-text-12\"><p>Ab den 70iger Jahren ist Giuseppe Ugo Corti nicht mehr allein wenn er die gesch\u00e4ftlichen Herausforderungen, vom Aufstieg mit seiner unwiderstehlichen Erscheinung des gedruckten Gewebes bis zur Globalisierung des Handels und der M\u00e4rkte, die dem larianischen Stoffgewerbe auferlegt wurden, angeht: Mit ihm sind seine Kinder Paolo und Dolores, die das Erbe aufnehmen und das Unternehmen ins neue Jahrtausend f\u00fchren. Inzwischen stehen ihnen in den B\u00fcros von Bulgarograsso im Erdgeschoss, nur ein paar Schritte von den Webst\u00fchlen entfernt, die Enkel des Gr\u00fcnders, Francesco und Giovanni zur Seite.<\/p>\n<p>Die Corti Giuseppe Ugo Srl sieht mit neuen Energien, soliden Wurzeln und einer wirklich au\u00dfergew\u00f6hnlichen Professionalit\u00e4t der Zukunft entgegen und glaubt weiterhin, dass Qualit\u00e4t und Eleganz ein nicht trennbares Paar bilden.<\/p>\n<\/div><div class=\"fusion-separator fusion-full-width-sep\" style=\"align-self: center;margin-left: auto;margin-right: auto;margin-bottom:30px;width:100%;\"><\/div><\/div><\/div><\/div><\/div><div class=\"fusion-fullwidth fullwidth-box fusion-builder-row-8 fusion-flex-container nonhundred-percent-fullwidth non-hundred-percent-height-scrolling\" style=\"--awb-border-radius-top-left:0px;--awb-border-radius-top-right:0px;--awb-border-radius-bottom-right:0px;--awb-border-radius-bottom-left:0px;--awb-flex-wrap:wrap;\" ><div class=\"fusion-builder-row fusion-row fusion-flex-align-items-flex-start fusion-flex-content-wrap\" style=\"max-width:1216.8px;margin-left: calc(-4% \/ 2 );margin-right: calc(-4% \/ 2 );\"><div class=\"fusion-layout-column fusion_builder_column fusion-builder-column-10 fusion_builder_column_1_1 1_1 fusion-flex-column\" style=\"--awb-bg-size:cover;--awb-width-large:100%;--awb-margin-top-large:0px;--awb-spacing-right-large:1.92%;--awb-margin-bottom-large:0px;--awb-spacing-left-large:1.92%;--awb-width-medium:100%;--awb-spacing-right-medium:1.92%;--awb-spacing-left-medium:1.92%;--awb-width-small:100%;--awb-spacing-right-small:1.92%;--awb-spacing-left-small:1.92%;\"><div class=\"fusion-column-wrapper fusion-flex-justify-content-flex-start fusion-content-layout-column\"><\/div><\/div><\/div><\/div><\/p>","protected":false},"excerpt":{"rendered":"","protected":false},"author":1,"featured_media":0,"parent":0,"menu_order":0,"comment_status":"closed","ping_status":"open","template":"100-width.php","meta":{"footnotes":""},"class_list":["post-9","page","type-page","status-publish","hentry"],"_links":{"self":[{"href":"https:\/\/tessituracorti.it\/de\/wp-json\/wp\/v2\/pages\/9","targetHints":{"allow":["GET"]}}],"collection":[{"href":"https:\/\/tessituracorti.it\/de\/wp-json\/wp\/v2\/pages"}],"about":[{"href":"https:\/\/tessituracorti.it\/de\/wp-json\/wp\/v2\/types\/page"}],"author":[{"embeddable":true,"href":"https:\/\/tessituracorti.it\/de\/wp-json\/wp\/v2\/users\/1"}],"replies":[{"embeddable":true,"href":"https:\/\/tessituracorti.it\/de\/wp-json\/wp\/v2\/comments?post=9"}],"version-history":[{"count":5,"href":"https:\/\/tessituracorti.it\/de\/wp-json\/wp\/v2\/pages\/9\/revisions"}],"predecessor-version":[{"id":1487,"href":"https:\/\/tessituracorti.it\/de\/wp-json\/wp\/v2\/pages\/9\/revisions\/1487"}],"wp:attachment":[{"href":"https:\/\/tessituracorti.it\/de\/wp-json\/wp\/v2\/media?parent=9"}],"curies":[{"name":"wp","href":"https:\/\/api.w.org\/{rel}","templated":true}]}}