{"id":11,"date":"2015-02-10T19:21:34","date_gmt":"2015-02-10T19:21:34","guid":{"rendered":"https:\/\/avada.theme-fusion.com_demos\/architecture\/?page_id=11"},"modified":"2021-11-08T20:01:41","modified_gmt":"2021-11-08T20:01:41","slug":"prodotti","status":"publish","type":"page","link":"https:\/\/tessituracorti.it\/fr\/prodotti\/","title":{"rendered":"Produits"},"content":{"rendered":"<p><div class=\"fusion-fullwidth fullwidth-box fusion-builder-row-4 fusion-flex-container nonhundred-percent-fullwidth non-hundred-percent-height-scrolling\" style=\"--awb-background-position:left top;--awb-border-sizes-top:0px;--awb-border-sizes-bottom:0px;--awb-border-sizes-left:0px;--awb-border-sizes-right:0px;--awb-border-radius-top-left:0px;--awb-border-radius-top-right:0px;--awb-border-radius-bottom-right:0px;--awb-border-radius-bottom-left:0px;--awb-padding-top:150px;--awb-padding-bottom:150px;--awb-flex-wrap:wrap;\" ><div class=\"fusion-builder-row fusion-row fusion-flex-align-items-flex-start fusion-flex-content-wrap\" style=\"max-width:1216.8px;margin-left: calc(-4% \/ 2 );margin-right: calc(-4% \/ 2 );\"><div class=\"fusion-layout-column fusion_builder_column fusion-builder-column-9 fusion_builder_column_1_2 1_2 fusion-flex-column\" style=\"--awb-bg-size:cover;--awb-width-large:50%;--awb-margin-top-large:0px;--awb-spacing-right-large:3.84%;--awb-margin-bottom-large:20px;--awb-spacing-left-large:3.84%;--awb-width-medium:100%;--awb-spacing-right-medium:1.92%;--awb-spacing-left-medium:1.92%;--awb-width-small:100%;--awb-spacing-right-small:1.92%;--awb-spacing-left-small:1.92%;\"><div class=\"fusion-column-wrapper fusion-flex-justify-content-flex-start fusion-content-layout-column\"><div class=\"fusion-title title fusion-title-7 fusion-sep-none fusion-title-text fusion-title-size-two\" style=\"--awb-margin-bottom:50px;--awb-margin-top-small:0px;--awb-margin-right-small:0px;--awb-margin-bottom-small:20px;--awb-margin-left-small:0px;\"><h2 class=\"fusion-title-heading title-heading-left fusion-responsive-typography-calculated\" style=\"margin:0;--fontSize:48;line-height:1.25;\">NOTRE PHILOSOPHIE<\/h2><\/div><div class=\"fusion-separator\" style=\"align-self: flex-start;margin-right:auto;margin-top:0px;margin-bottom:40px;width:100%;max-width:170px;\"><div class=\"fusion-separator-border sep-single sep-solid\" style=\"--awb-height:20px;--awb-amount:20px;--awb-sep-color:#e2e3e8;border-color:#e2e3e8;border-top-width:3px;\"><\/div><\/div><div class=\"fusion-text fusion-text-13\" style=\"--awb-font-size:22px;--awb-line-height:42px;--awb-text-font-family:&quot;Raleway&quot;;--awb-text-font-style:italic;--awb-text-font-weight:500;\"><p>Tout ce qui est produit \u00e0 la Corti na\u00eet, se d\u00e9veloppe et se termine l\u00e0, dans les deux unit\u00e9s productives de Bulgarograsso (C\u00f4me) et Lurate Caccivio (C\u00f4me) : un \u2018Made in C\u00f4me\u2019 absolument authentique, capable de concilier haute et extr\u00eame qualit\u00e9, haut degr\u00e9 de sp\u00e9cialisation et une surprenante comp\u00e9titivit\u00e9 \u00e9conomique.<\/p>\n<\/div><div class=\"fusion-text fusion-text-14\"><p>Le choix minutieux des fils, une extraordinaire vari\u00e9t\u00e9 de propositions, la flexibilit\u00e9 et un excellent timing, m\u00eame dans le domaine des mod\u00e8les promotionnels, compl\u00e8tent le tableau d&rsquo;un engagement fortement orient\u00e9, bien exprim\u00e9 par les deux collections annuelles traditionnelles et par les quelque 100 mod\u00e8les r\u00e9alis\u00e9s chacun mois.<\/p>\n<\/div><div class=\"fusion-separator fusion-full-width-sep\" style=\"align-self: center;margin-left: auto;margin-right: auto;margin-top:100px;width:100%;\"><\/div><div class=\"fusion-title title fusion-title-8 fusion-sep-none fusion-title-text fusion-title-size-two\" style=\"--awb-margin-bottom:50px;--awb-margin-top-small:0px;--awb-margin-right-small:0px;--awb-margin-bottom-small:20px;--awb-margin-left-small:0px;\"><h2 class=\"fusion-title-heading title-heading-left fusion-responsive-typography-calculated\" style=\"margin:0;--fontSize:48;line-height:1.25;\">NOS TISSUS<\/h2><\/div><div class=\"fusion-separator\" style=\"align-self: flex-start;margin-right:auto;margin-top:0px;margin-bottom:40px;width:100%;max-width:170px;\"><div class=\"fusion-separator-border sep-single sep-solid\" style=\"--awb-height:20px;--awb-amount:20px;--awb-sep-color:#e2e3e8;border-color:#e2e3e8;border-top-width:3px;\"><\/div><\/div><div class=\"fusion-text fusion-text-15\" style=\"--awb-font-size:22px;--awb-text-font-family:&quot;Raleway&quot;;--awb-text-font-style:italic;--awb-text-font-weight:500;\"><p class=\"p1\">Associ\u00e9s \u00e0 la soie, les fils de lin, de laine, de coton et de tussah d\u00e9lav\u00e9s donnent des r\u00e9sultats surprenants et inattendus sur les cravates, \u00e9charpes et accessoires&#8230;<\/p>\n<\/div><\/div><\/div><div class=\"fusion-layout-column fusion_builder_column fusion-builder-column-10 fusion_builder_column_1_2 1_2 fusion-flex-column\" style=\"--awb-bg-size:cover;--awb-width-large:50%;--awb-margin-top-large:0px;--awb-spacing-right-large:3.84%;--awb-margin-bottom-large:20px;--awb-spacing-left-large:3.84%;--awb-width-medium:100%;--awb-spacing-right-medium:1.92%;--awb-spacing-left-medium:1.92%;--awb-width-small:100%;--awb-spacing-right-small:1.92%;--awb-spacing-left-small:1.92%;\"><div class=\"fusion-column-wrapper fusion-flex-justify-content-flex-start fusion-content-layout-column\"><div class=\"fusion-image-element \" style=\"--awb-caption-title-font-family:var(--h2_typography-font-family);--awb-caption-title-font-weight:var(--h2_typography-font-weight);--awb-caption-title-font-style:var(--h2_typography-font-style);--awb-caption-title-size:var(--h2_typography-font-size);--awb-caption-title-transform:var(--h2_typography-text-transform);--awb-caption-title-line-height:var(--h2_typography-line-height);--awb-caption-title-letter-spacing:var(--h2_typography-letter-spacing);\"><span class=\" fusion-imageframe imageframe-none imageframe-4 hover-type-zoomin fusion-animated\" data-animationType=\"fadeInDown\" data-animationDuration=\"1\" data-animationOffset=\"top-into-view\"><img decoding=\"async\" width=\"800\" height=\"1206\" title=\"Tessitura-Corti-lavorazione\" src=\"https:\/\/tessituracorti.it\/wp-content\/uploads\/2021\/06\/Tessitura-Corti-lavorazione.jpg\" data-orig-src=\"http:\/\/tessituracorti.it\/wp-content\/uploads\/2021\/06\/Tessitura-Corti-lavorazione.jpg\" alt class=\"lazyload img-responsive wp-image-945\" srcset=\"data:image\/svg+xml,%3Csvg%20xmlns%3D%27http%3A%2F%2Fwww.w3.org%2F2000%2Fsvg%27%20width%3D%27800%27%20height%3D%271206%27%20viewBox%3D%270%200%20800%201206%27%3E%3Crect%20width%3D%27800%27%20height%3D%271206%27%20fill-opacity%3D%220%22%2F%3E%3C%2Fsvg%3E\" data-srcset=\"https:\/\/tessituracorti.it\/wp-content\/uploads\/2021\/06\/Tessitura-Corti-lavorazione-200x302.jpg 200w, https:\/\/tessituracorti.it\/wp-content\/uploads\/2021\/06\/Tessitura-Corti-lavorazione-400x603.jpg 400w, https:\/\/tessituracorti.it\/wp-content\/uploads\/2021\/06\/Tessitura-Corti-lavorazione-600x905.jpg 600w, https:\/\/tessituracorti.it\/wp-content\/uploads\/2021\/06\/Tessitura-Corti-lavorazione.jpg 800w\" data-sizes=\"auto\" data-orig-sizes=\"(max-width: 800px) 100vw, (max-width: 640px) 100vw, 600px\" \/><\/span><\/div><\/div><\/div><div class=\"fusion-layout-column fusion_builder_column fusion-builder-column-11 fusion_builder_column_1_1 1_1 fusion-flex-column\" style=\"--awb-bg-size:cover;--awb-width-large:100%;--awb-margin-top-large:0px;--awb-spacing-right-large:1.92%;--awb-margin-bottom-large:20px;--awb-spacing-left-large:1.92%;--awb-width-medium:100%;--awb-order-medium:0;--awb-spacing-right-medium:1.92%;--awb-spacing-left-medium:1.92%;--awb-width-small:100%;--awb-order-small:0;--awb-spacing-right-small:1.92%;--awb-spacing-left-small:1.92%;\"><div class=\"fusion-column-wrapper fusion-column-has-shadow fusion-flex-justify-content-flex-start fusion-content-layout-column\"><div class=\"fusion-text fusion-text-16\"><p>&#8230; permettant d\u2019offrir \u00e0 une client\u00e8le de plus en plus qualifi\u00e9e et exigeante un produit diff\u00e9rent et n\u00e9anmoins coh\u00e9rent avec l\u2019identit\u00e9 de la Tessitura Corti.<br \/>\nAu fil des ans, nos diff\u00e9rentes collections se sont enrichies de motifs en soie\/lin, en soie\/laine et en soie\/coton qui nous ont permis de nous diversifier et de toucher une client\u00e8le de plus en plus h\u00e9t\u00e9rog\u00e8ne.<br \/>\nLe \u00ab\u00a0sur-mesure\u00a0\u00bb pour les diff\u00e9rents march\u00e9s nous a donn\u00e9 l\u2019occasion de mieux appr\u00e9hender les besoins de nos clients et de cr\u00e9er un produit sp\u00e9cifique et exclusif pour chacun d\u2019entre eux.<\/p>\n<\/div><\/div><\/div><\/div><\/div><\/p>","protected":false},"excerpt":{"rendered":"","protected":false},"author":1,"featured_media":0,"parent":0,"menu_order":0,"comment_status":"closed","ping_status":"open","template":"100-width.php","meta":{"footnotes":""},"class_list":["post-11","page","type-page","status-publish","hentry"],"_links":{"self":[{"href":"https:\/\/tessituracorti.it\/fr\/wp-json\/wp\/v2\/pages\/11","targetHints":{"allow":["GET"]}}],"collection":[{"href":"https:\/\/tessituracorti.it\/fr\/wp-json\/wp\/v2\/pages"}],"about":[{"href":"https:\/\/tessituracorti.it\/fr\/wp-json\/wp\/v2\/types\/page"}],"author":[{"embeddable":true,"href":"https:\/\/tessituracorti.it\/fr\/wp-json\/wp\/v2\/users\/1"}],"replies":[{"embeddable":true,"href":"https:\/\/tessituracorti.it\/fr\/wp-json\/wp\/v2\/comments?post=11"}],"version-history":[{"count":5,"href":"https:\/\/tessituracorti.it\/fr\/wp-json\/wp\/v2\/pages\/11\/revisions"}],"predecessor-version":[{"id":1331,"href":"https:\/\/tessituracorti.it\/fr\/wp-json\/wp\/v2\/pages\/11\/revisions\/1331"}],"wp:attachment":[{"href":"https:\/\/tessituracorti.it\/fr\/wp-json\/wp\/v2\/media?parent=11"}],"curies":[{"name":"wp","href":"https:\/\/api.w.org\/{rel}","templated":true}]}}