{"id":9,"date":"2015-02-10T19:21:19","date_gmt":"2015-02-10T19:21:19","guid":{"rendered":"https:\/\/avada.theme-fusion.com_demos\/architecture\/?page_id=9"},"modified":"2023-01-10T15:52:35","modified_gmt":"2023-01-10T15:52:35","slug":"azienda","status":"publish","type":"page","link":"https:\/\/tessituracorti.it\/fr\/azienda\/","title":{"rendered":"Soci\u00e9t\u00e9"},"content":{"rendered":"<p><div class=\"fusion-fullwidth fullwidth-box fusion-builder-row-9 fusion-flex-container nonhundred-percent-fullwidth non-hundred-percent-height-scrolling\" style=\"--awb-background-position:left top;--awb-border-sizes-top:0px;--awb-border-sizes-bottom:0px;--awb-border-sizes-left:0px;--awb-border-sizes-right:0px;--awb-border-radius-top-left:0px;--awb-border-radius-top-right:0px;--awb-border-radius-bottom-right:0px;--awb-border-radius-bottom-left:0px;--awb-padding-top:150px;--awb-flex-wrap:wrap;\" ><div class=\"fusion-builder-row fusion-row fusion-flex-align-items-flex-start fusion-flex-content-wrap\" style=\"max-width:1216.8px;margin-left: calc(-4% \/ 2 );margin-right: calc(-4% \/ 2 );\"><div class=\"fusion-layout-column fusion_builder_column fusion-builder-column-11 fusion_builder_column_1_2 1_2 fusion-flex-column\" style=\"--awb-bg-size:cover;--awb-width-large:50%;--awb-margin-top-large:0px;--awb-spacing-right-large:3.84%;--awb-margin-bottom-large:20px;--awb-spacing-left-large:3.84%;--awb-width-medium:100%;--awb-spacing-right-medium:1.92%;--awb-spacing-left-medium:1.92%;--awb-width-small:100%;--awb-spacing-right-small:1.92%;--awb-spacing-left-small:1.92%;\"><div class=\"fusion-column-wrapper fusion-flex-justify-content-flex-start fusion-content-layout-column\"><div class=\"fusion-title title fusion-title-4 fusion-sep-none fusion-title-text fusion-title-size-two\" style=\"--awb-margin-bottom:50px;--awb-margin-top-small:0px;--awb-margin-right-small:0px;--awb-margin-bottom-small:20px;--awb-margin-left-small:0px;\"><h2 class=\"fusion-title-heading title-heading-left fusion-responsive-typography-calculated\" style=\"margin:0;--fontSize:48;line-height:1.25;\">SOCI\u00c9T\u00c9<\/h2><\/div><div class=\"fusion-separator\" style=\"align-self: flex-start;margin-right:auto;margin-top:0px;margin-bottom:40px;width:100%;max-width:170px;\"><div class=\"fusion-separator-border sep-single sep-solid\" style=\"--awb-height:20px;--awb-amount:20px;--awb-sep-color:#e2e3e8;border-color:#e2e3e8;border-top-width:3px;\"><\/div><\/div><div class=\"fusion-text fusion-text-13\" style=\"--awb-font-size:22px;--awb-line-height:42px;--awb-text-font-family:&quot;Raleway&quot;;--awb-text-font-style:italic;--awb-text-font-weight:500;\"><p>C\u2019est un fil rouge tenace, et pas seulement id\u00e9al, ce qui lie la famille Corti \u00e0 ce lieu et o\u00f9 elle y travaille de g\u00e9n\u00e9ration en g\u00e9n\u00e9ration&#8230;<\/p>\n<\/div><div class=\"fusion-separator\" style=\"align-self: flex-start;margin-right:auto;margin-top:0px;margin-bottom:30px;width:100%;max-width:170px;\"><\/div><div class=\"fusion-text fusion-text-14\"><p>&#8230;une histoire de fils de soie choisis et puis tiss\u00e9s avec passion, go\u00fbt, comp\u00e9tence, extr\u00eamement attentif \u00e0 la qualit\u00e9, qui divulgue \u00e0 travers le monde un savoir faire aussi bien technique que cr\u00e9atif qu\u2019il est impossible d\u2019improviser.<\/p>\n<p><strong>La soci\u00e9t\u00e9 de tissage Serica Corti Giuseppe Ugo srl<\/strong> est sp\u00e9cialis\u00e9e dans les articles de cravates : depuis toujours elle travaille la pure soie r\u00e9alisant des tissus pour cravates et cravates confectionn\u00e9es. Derni\u00e8rement, elle a inclu la production de foulards et d\u2019\u00e9charpes.<\/p>\n<\/div><div class=\"fusion-image-element \" style=\"--awb-caption-title-font-family:var(--h2_typography-font-family);--awb-caption-title-font-weight:var(--h2_typography-font-weight);--awb-caption-title-font-style:var(--h2_typography-font-style);--awb-caption-title-size:var(--h2_typography-font-size);--awb-caption-title-transform:var(--h2_typography-text-transform);--awb-caption-title-line-height:var(--h2_typography-line-height);--awb-caption-title-letter-spacing:var(--h2_typography-letter-spacing);\"><span class=\" fusion-imageframe imageframe-none imageframe-7 hover-type-zoomin\"><img decoding=\"async\" width=\"1950\" height=\"1200\" title=\"Tessitura-Corti-Como\" src=\"https:\/\/tessituracorti.it\/wp-content\/uploads\/2021\/06\/Tessitura-Corti-Como.jpg\" data-orig-src=\"http:\/\/tessituracorti.it\/wp-content\/uploads\/2021\/06\/Tessitura-Corti-Como.jpg\" alt class=\"lazyload img-responsive wp-image-862\" srcset=\"data:image\/svg+xml,%3Csvg%20xmlns%3D%27http%3A%2F%2Fwww.w3.org%2F2000%2Fsvg%27%20width%3D%271950%27%20height%3D%271200%27%20viewBox%3D%270%200%201950%201200%27%3E%3Crect%20width%3D%271950%27%20height%3D%271200%27%20fill-opacity%3D%220%22%2F%3E%3C%2Fsvg%3E\" data-srcset=\"https:\/\/tessituracorti.it\/wp-content\/uploads\/2021\/06\/Tessitura-Corti-Como-200x123.jpg 200w, https:\/\/tessituracorti.it\/wp-content\/uploads\/2021\/06\/Tessitura-Corti-Como-400x246.jpg 400w, https:\/\/tessituracorti.it\/wp-content\/uploads\/2021\/06\/Tessitura-Corti-Como-600x369.jpg 600w, https:\/\/tessituracorti.it\/wp-content\/uploads\/2021\/06\/Tessitura-Corti-Como-800x492.jpg 800w, https:\/\/tessituracorti.it\/wp-content\/uploads\/2021\/06\/Tessitura-Corti-Como-1200x738.jpg 1200w, https:\/\/tessituracorti.it\/wp-content\/uploads\/2021\/06\/Tessitura-Corti-Como.jpg 1950w\" data-sizes=\"auto\" data-orig-sizes=\"(max-width: 800px) 100vw, (max-width: 640px) 100vw, 600px\" \/><\/span><\/div><\/div><\/div><div class=\"fusion-layout-column fusion_builder_column fusion-builder-column-12 fusion_builder_column_1_2 1_2 fusion-flex-column\" style=\"--awb-bg-size:cover;--awb-width-large:50%;--awb-margin-top-large:0px;--awb-spacing-right-large:3.84%;--awb-margin-bottom-large:20px;--awb-spacing-left-large:3.84%;--awb-width-medium:100%;--awb-spacing-right-medium:1.92%;--awb-spacing-left-medium:1.92%;--awb-width-small:100%;--awb-spacing-right-small:1.92%;--awb-spacing-left-small:1.92%;\"><div class=\"fusion-column-wrapper fusion-flex-justify-content-flex-start fusion-content-layout-column\"><div class=\"fusion-image-element \" style=\"--awb-caption-title-font-family:var(--h2_typography-font-family);--awb-caption-title-font-weight:var(--h2_typography-font-weight);--awb-caption-title-font-style:var(--h2_typography-font-style);--awb-caption-title-size:var(--h2_typography-font-size);--awb-caption-title-transform:var(--h2_typography-text-transform);--awb-caption-title-line-height:var(--h2_typography-line-height);--awb-caption-title-letter-spacing:var(--h2_typography-letter-spacing);\"><span class=\" fusion-imageframe imageframe-none imageframe-8 hover-type-zoomin fusion-animated\" data-animationType=\"fadeInDown\" data-animationDuration=\"1\" data-animationOffset=\"top-into-view\"><img decoding=\"async\" width=\"800\" height=\"599\" title=\"Tessitura-Corti-esterni\" src=\"https:\/\/tessituracorti.it\/wp-content\/uploads\/2021\/06\/Tessitura-Corti-esterni.jpg\" data-orig-src=\"http:\/\/tessituracorti.it\/wp-content\/uploads\/2021\/06\/Tessitura-Corti-esterni.jpg\" alt class=\"lazyload img-responsive wp-image-858\" srcset=\"data:image\/svg+xml,%3Csvg%20xmlns%3D%27http%3A%2F%2Fwww.w3.org%2F2000%2Fsvg%27%20width%3D%27800%27%20height%3D%27599%27%20viewBox%3D%270%200%20800%20599%27%3E%3Crect%20width%3D%27800%27%20height%3D%27599%27%20fill-opacity%3D%220%22%2F%3E%3C%2Fsvg%3E\" data-srcset=\"https:\/\/tessituracorti.it\/wp-content\/uploads\/2021\/06\/Tessitura-Corti-esterni-200x150.jpg 200w, https:\/\/tessituracorti.it\/wp-content\/uploads\/2021\/06\/Tessitura-Corti-esterni-400x300.jpg 400w, https:\/\/tessituracorti.it\/wp-content\/uploads\/2021\/06\/Tessitura-Corti-esterni-600x449.jpg 600w, https:\/\/tessituracorti.it\/wp-content\/uploads\/2021\/06\/Tessitura-Corti-esterni.jpg 800w\" data-sizes=\"auto\" data-orig-sizes=\"(max-width: 800px) 100vw, (max-width: 640px) 100vw, 600px\" \/><\/span><\/div><div class=\"fusion-separator fusion-full-width-sep\" style=\"align-self: center;margin-left: auto;margin-right: auto;margin-top:40px;width:100%;\"><\/div><div class=\"fusion-text fusion-text-15\"><p>C\u2019\u00e9tait en 1934 qu\u2019\u00e0 la Corti Tessitura fut install\u00e9 le premier m\u00e9tier \u00e0 tisser, sans savoir si ce fut le fondateur, Giuseppe Ugo qui donna le nom \u00e0 la soci\u00e9t\u00e9 ou un ouvrier rest\u00e9 inconnu: depuis, la production n\u2019a cess\u00e9 de fonctionner, succ\u00e9dant les d\u00e9cennies accompagn\u00e9es des acquis et difficult\u00e9s qui, de saison en saison, envahirent le pays.<\/p>\n<p>Luxueuses cravates en soie, pour ceux qui pouvaient se le permettre \u00e0 cette \u00e9poque, jusqu\u2019\u00e0 la guerre; puis une lente reprise, vers les fameuses ann\u00e9es Soixante quand elles devinrent finalement pour tous le r\u00eave d\u2019une nouvelle, diffuse \u00e9l\u00e9gance adapt\u00e9e au boum \u00e9conomique. Une belle cravate de soie \u00e0 mettre le dimanche, et m\u00eame tous les jours, elle est un des signes ext\u00e9rieur d\u2019une Italie qui grandit, laissant derri\u00e8re elle sans remord, le pass\u00e9 et ses difficult\u00e9s.<\/p>\n<\/div><\/div><\/div><\/div><\/div><div class=\"fusion-fullwidth fullwidth-box fusion-builder-row-10 fusion-flex-container nonhundred-percent-fullwidth non-hundred-percent-height-scrolling\" style=\"--awb-border-radius-top-left:0px;--awb-border-radius-top-right:0px;--awb-border-radius-bottom-right:0px;--awb-border-radius-bottom-left:0px;--awb-margin-top:-40px;--awb-flex-wrap:wrap;\" ><div class=\"fusion-builder-row fusion-row fusion-flex-align-items-flex-start fusion-flex-content-wrap\" style=\"max-width:1216.8px;margin-left: calc(-4% \/ 2 );margin-right: calc(-4% \/ 2 );\"><div class=\"fusion-layout-column fusion_builder_column fusion-builder-column-13 fusion_builder_column_1_1 1_1 fusion-flex-column\" style=\"--awb-bg-size:cover;--awb-width-large:100%;--awb-margin-top-large:0px;--awb-spacing-right-large:1.92%;--awb-margin-bottom-large:20px;--awb-spacing-left-large:1.92%;--awb-width-medium:100%;--awb-order-medium:0;--awb-spacing-right-medium:1.92%;--awb-spacing-left-medium:1.92%;--awb-width-small:100%;--awb-order-small:0;--awb-spacing-right-small:1.92%;--awb-spacing-left-small:1.92%;\"><div class=\"fusion-column-wrapper fusion-column-has-shadow fusion-flex-justify-content-flex-start fusion-content-layout-column\"><div class=\"fusion-separator fusion-full-width-sep\" style=\"align-self: center;margin-left: auto;margin-right: auto;margin-top:30px;width:100%;\"><\/div><div class=\"fusion-text fusion-text-16\"><p>A partir des ann\u00e9es Soixante-dix, Giuseppe Ugo Corti n\u2019est plus seul \u00e0 affronter les nouveaux d\u00e9fis entrepreneuriaux impos\u00e9s dans le C\u00f4masque, de l\u2019accession \u00e0 l\u2019apparence infreinable du tissu imprim\u00e9 jusqu\u2019\u00e0 la globalisation des commerces et des march\u00e9s: avec lui il y a ses enfants, Paolo et Dolores, qui recueilleront avec m\u00e9rite le t\u00e9moin entrainant avec succ\u00e8s l\u2019entreprise dans le nouveau mill\u00e9naire. A leurs cot\u00e9s, dans les bureaux du si\u00e8ge de Bulgarograsso, situ\u00e9 non pas par hasard au rez-de-chauss\u00e9e, physiquement \u00e0 un pas des m\u00e9tiers \u00e0 tisser en mouvement, il y a les petits enfants du fondateur, Francesco et Giovanni.<\/p>\n<p>Avec de nouvelles \u00e9nergies, de solides racines et un bagage de professionnel vraiment peu commun, la soci\u00e9t\u00e9 Corti Giuseppe Ugo srl regarde vers le futur, continuant \u00e0 croire que qualit\u00e9 et \u00e9l\u00e9gance constituent un bin\u00f4me ins\u00e9parable.<\/p>\n<\/div><div class=\"fusion-separator fusion-full-width-sep\" style=\"align-self: center;margin-left: auto;margin-right: auto;margin-bottom:30px;width:100%;\"><\/div><\/div><\/div><\/div><\/div><div class=\"fusion-fullwidth fullwidth-box fusion-builder-row-11 fusion-flex-container nonhundred-percent-fullwidth non-hundred-percent-height-scrolling\" style=\"--awb-border-radius-top-left:0px;--awb-border-radius-top-right:0px;--awb-border-radius-bottom-right:0px;--awb-border-radius-bottom-left:0px;--awb-flex-wrap:wrap;\" ><div class=\"fusion-builder-row fusion-row fusion-flex-align-items-flex-start fusion-flex-content-wrap\" style=\"max-width:1216.8px;margin-left: calc(-4% \/ 2 );margin-right: calc(-4% \/ 2 );\"><div class=\"fusion-layout-column fusion_builder_column fusion-builder-column-14 fusion_builder_column_1_1 1_1 fusion-flex-column\" style=\"--awb-bg-size:cover;--awb-width-large:100%;--awb-margin-top-large:0px;--awb-spacing-right-large:1.92%;--awb-margin-bottom-large:0px;--awb-spacing-left-large:1.92%;--awb-width-medium:100%;--awb-spacing-right-medium:1.92%;--awb-spacing-left-medium:1.92%;--awb-width-small:100%;--awb-spacing-right-small:1.92%;--awb-spacing-left-small:1.92%;\"><div class=\"fusion-column-wrapper fusion-flex-justify-content-flex-start fusion-content-layout-column\"><\/div><\/div><\/div><\/div><\/p>","protected":false},"excerpt":{"rendered":"","protected":false},"author":1,"featured_media":0,"parent":0,"menu_order":0,"comment_status":"closed","ping_status":"open","template":"100-width.php","meta":{"footnotes":""},"class_list":["post-9","page","type-page","status-publish","hentry"],"_links":{"self":[{"href":"https:\/\/tessituracorti.it\/fr\/wp-json\/wp\/v2\/pages\/9","targetHints":{"allow":["GET"]}}],"collection":[{"href":"https:\/\/tessituracorti.it\/fr\/wp-json\/wp\/v2\/pages"}],"about":[{"href":"https:\/\/tessituracorti.it\/fr\/wp-json\/wp\/v2\/types\/page"}],"author":[{"embeddable":true,"href":"https:\/\/tessituracorti.it\/fr\/wp-json\/wp\/v2\/users\/1"}],"replies":[{"embeddable":true,"href":"https:\/\/tessituracorti.it\/fr\/wp-json\/wp\/v2\/comments?post=9"}],"version-history":[{"count":5,"href":"https:\/\/tessituracorti.it\/fr\/wp-json\/wp\/v2\/pages\/9\/revisions"}],"predecessor-version":[{"id":1487,"href":"https:\/\/tessituracorti.it\/fr\/wp-json\/wp\/v2\/pages\/9\/revisions\/1487"}],"wp:attachment":[{"href":"https:\/\/tessituracorti.it\/fr\/wp-json\/wp\/v2\/media?parent=9"}],"curies":[{"name":"wp","href":"https:\/\/api.w.org\/{rel}","templated":true}]}}